{"id":1222,"date":"2020-10-26T20:53:37","date_gmt":"2020-10-26T20:53:37","guid":{"rendered":"http:\/\/odontoavanzadayestetica.com\/?page_id=1222"},"modified":"2020-10-26T20:54:20","modified_gmt":"2020-10-26T20:54:20","slug":"protesis-dentales","status":"publish","type":"page","link":"https:\/\/odontoavanzadayestetica.com\/index.php\/protesis-dentales\/","title":{"rendered":"Pr\u00f3tesis Dentales"},"content":{"rendered":"\t\t<div data-elementor-type=\"wp-page\" data-elementor-id=\"1222\" class=\"elementor elementor-1222\">\n\t\t\t\t\t\t<section class=\"elementor-section elementor-top-section elementor-element elementor-element-4e3c7a1 elementor-section-boxed elementor-section-height-default elementor-section-height-default\" data-id=\"4e3c7a1\" data-element_type=\"section\" data-e-type=\"section\">\n\t\t\t\t\t\t<div class=\"elementor-container elementor-column-gap-default\">\n\t\t\t\t\t<div class=\"elementor-column elementor-col-100 elementor-top-column elementor-element elementor-element-e7ebdcc\" data-id=\"e7ebdcc\" data-element_type=\"column\" data-e-type=\"column\">\n\t\t\t<div class=\"elementor-widget-wrap elementor-element-populated\">\n\t\t\t\t\t\t<div class=\"elementor-element elementor-element-82e4755 elementor-widget elementor-widget-image\" data-id=\"82e4755\" data-element_type=\"widget\" data-e-type=\"widget\" data-widget_type=\"image.default\">\n\t\t\t\t<div class=\"elementor-widget-container\">\n\t\t\t\t\t\t\t\t\t\t\t\t\t\t\t<img fetchpriority=\"high\" decoding=\"async\" width=\"626\" height=\"417\" src=\"https:\/\/odontoavanzadayestetica.com\/wp-content\/uploads\/2020\/10\/cabeza-hermosa-mujer-sonriente-divertida-piel-oscura-tiene-corte-pelo-afro-rie-algo-mantiene-ojos-cerrados-placer-vestida-sueter-rayas-aislado-sobre-pared-blanca-felicidad_273609-15315.jpg\" class=\"attachment-1536x1536 size-1536x1536 wp-image-1224\" alt=\"\" srcset=\"https:\/\/odontoavanzadayestetica.com\/wp-content\/uploads\/2020\/10\/cabeza-hermosa-mujer-sonriente-divertida-piel-oscura-tiene-corte-pelo-afro-rie-algo-mantiene-ojos-cerrados-placer-vestida-sueter-rayas-aislado-sobre-pared-blanca-felicidad_273609-15315.jpg 626w, https:\/\/odontoavanzadayestetica.com\/wp-content\/uploads\/2020\/10\/cabeza-hermosa-mujer-sonriente-divertida-piel-oscura-tiene-corte-pelo-afro-rie-algo-mantiene-ojos-cerrados-placer-vestida-sueter-rayas-aislado-sobre-pared-blanca-felicidad_273609-15315-300x200.jpg 300w\" sizes=\"(max-width: 626px) 100vw, 626px\" \/>\t\t\t\t\t\t\t\t\t\t\t\t\t\t\t<\/div>\n\t\t\t\t<\/div>\n\t\t\t\t<div class=\"elementor-element elementor-element-cc8934c elementor-widget elementor-widget-text-editor\" data-id=\"cc8934c\" data-element_type=\"widget\" data-e-type=\"widget\" data-widget_type=\"text-editor.default\">\n\t\t\t\t<div class=\"elementor-widget-container\">\n\t\t\t\t\t\t\t\t\t<h4>Pr\u00f3tesis dentales<\/h4><p>Es la forma m\u00e1s antigua y m\u00e1s conocida para poder reponer las piezas dentales faltantes, desde una hasta la p\u00e9rdida total de los diente.<\/p><p>Existen diferentes tipos de pr\u00f3tesis dentales<\/p><ul><li><strong>Las pr\u00f3tesis fijas:<\/strong> estas son utilizadas para reponer desde uno hasta m\u00faltiples dientes, dentro de las ventajas que estas ofrecen es que no se retiran de la boca, se mantienen fijas unidas a los dientes pr\u00f3ximos al espacio ed\u00e9ntulo.<\/li><li><strong>Las pr\u00f3tesis removibles:<\/strong> al igual que las fijas reponen desde una hasta varias piezas dentales, la diferencia es que estas son retiradas para su higienizaci\u00f3n (cepillado) para poder mantener una higiene y evitar el acumulo de placa bacteriana.<\/li><li><strong>Las pr\u00f3tesis sobre implantes:<\/strong> estas son las que van apoyadas sobre los implantes que fueron colocados para reponer los dientes faltantes (imitando la ra\u00edz del diente)<\/li><\/ul><h4>\u00bfSon costosas las pr\u00f3tesis dentales?<\/h4><p>Infelizmente los pacientes por temor a los costos de los tratamientos dentales, tardan y van postergando poder realizar cualquier procedimiento y esta decisi\u00f3n lo que va a provocar es que se eleven m\u00e1s los costos y que el tratamiento a veces puede llegar a ser menos conservador y encarecer los costos. El tratamiento m\u00e1s econ\u00f3mico es la \u00a1prevenci\u00f3n!<\/p>\t\t\t\t\t\t\t\t<\/div>\n\t\t\t\t<\/div>\n\t\t\t\t\t<\/div>\n\t\t<\/div>\n\t\t\t\t\t<\/div>\n\t\t<\/section>\n\t\t\t\t<\/div>\n\t\t","protected":false},"excerpt":{"rendered":"<p>Pr\u00f3tesis dentales Es la forma m\u00e1s antigua y m\u00e1s conocida para poder reponer las piezas dentales faltantes, desde una hasta la p\u00e9rdida total de los diente. Existen diferentes tipos de pr\u00f3tesis dentales Las pr\u00f3tesis fijas: estas son utilizadas para reponer desde uno hasta m\u00faltiples dientes, dentro de las ventajas que estas ofrecen es que no [&hellip;]<\/p>\n","protected":false},"author":1,"featured_media":0,"parent":0,"menu_order":0,"comment_status":"closed","ping_status":"closed","template":"","meta":{"site-sidebar-layout":"no-sidebar","site-content-layout":"page-builder","ast-site-content-layout":"default","site-content-style":"default","site-sidebar-style":"default","ast-global-header-display":"","ast-banner-title-visibility":"","ast-main-header-display":"","ast-hfb-above-header-display":"","ast-hfb-below-header-display":"","ast-hfb-mobile-header-display":"","site-post-title":"disabled","ast-breadcrumbs-content":"","ast-featured-img":"disabled","footer-sml-layout":"","ast-disable-related-posts":"","theme-transparent-header-meta":"default","adv-header-id-meta":"","stick-header-meta":"","header-above-stick-meta":"","header-main-stick-meta":"","header-below-stick-meta":"","astra-migrate-meta-layouts":"default","ast-page-background-enabled":"default","ast-page-background-meta":{"desktop":{"background-color":"var(--ast-global-color-4)","background-image":"","background-repeat":"repeat","background-position":"center center","background-size":"auto","background-attachment":"scroll","background-type":"","background-media":"","overlay-type":"","overlay-color":"","overlay-opacity":"","overlay-gradient":""},"tablet":{"background-color":"","background-image":"","background-repeat":"repeat","background-position":"center center","background-size":"auto","background-attachment":"scroll","background-type":"","background-media":"","overlay-type":"","overlay-color":"","overlay-opacity":"","overlay-gradient":""},"mobile":{"background-color":"","background-image":"","background-repeat":"repeat","background-position":"center center","background-size":"auto","background-attachment":"scroll","background-type":"","background-media":"","overlay-type":"","overlay-color":"","overlay-opacity":"","overlay-gradient":""}},"ast-content-background-meta":{"desktop":{"background-color":"var(--ast-global-color-5)","background-image":"","background-repeat":"repeat","background-position":"center center","background-size":"auto","background-attachment":"scroll","background-type":"","background-media":"","overlay-type":"","overlay-color":"","overlay-opacity":"","overlay-gradient":""},"tablet":{"background-color":"var(--ast-global-color-5)","background-image":"","background-repeat":"repeat","background-position":"center center","background-size":"auto","background-attachment":"scroll","background-type":"","background-media":"","overlay-type":"","overlay-color":"","overlay-opacity":"","overlay-gradient":""},"mobile":{"background-color":"var(--ast-global-color-5)","background-image":"","background-repeat":"repeat","background-position":"center center","background-size":"auto","background-attachment":"scroll","background-type":"","background-media":"","overlay-type":"","overlay-color":"","overlay-opacity":"","overlay-gradient":""}},"footnotes":""},"class_list":["post-1222","page","type-page","status-publish","hentry"],"_links":{"self":[{"href":"https:\/\/odontoavanzadayestetica.com\/index.php\/wp-json\/wp\/v2\/pages\/1222","targetHints":{"allow":["GET"]}}],"collection":[{"href":"https:\/\/odontoavanzadayestetica.com\/index.php\/wp-json\/wp\/v2\/pages"}],"about":[{"href":"https:\/\/odontoavanzadayestetica.com\/index.php\/wp-json\/wp\/v2\/types\/page"}],"author":[{"embeddable":true,"href":"https:\/\/odontoavanzadayestetica.com\/index.php\/wp-json\/wp\/v2\/users\/1"}],"replies":[{"embeddable":true,"href":"https:\/\/odontoavanzadayestetica.com\/index.php\/wp-json\/wp\/v2\/comments?post=1222"}],"version-history":[{"count":3,"href":"https:\/\/odontoavanzadayestetica.com\/index.php\/wp-json\/wp\/v2\/pages\/1222\/revisions"}],"predecessor-version":[{"id":1226,"href":"https:\/\/odontoavanzadayestetica.com\/index.php\/wp-json\/wp\/v2\/pages\/1222\/revisions\/1226"}],"wp:attachment":[{"href":"https:\/\/odontoavanzadayestetica.com\/index.php\/wp-json\/wp\/v2\/media?parent=1222"}],"curies":[{"name":"wp","href":"https:\/\/api.w.org\/{rel}","templated":true}]}}