{"id":1217,"date":"2020-10-26T20:43:35","date_gmt":"2020-10-26T20:43:35","guid":{"rendered":"http:\/\/odontoavanzadayestetica.com\/?page_id=1217"},"modified":"2021-08-21T02:00:49","modified_gmt":"2021-08-21T02:00:49","slug":"implantes-dentales","status":"publish","type":"page","link":"https:\/\/odontoavanzadayestetica.com\/index.php\/implantes-dentales\/","title":{"rendered":"Implantes dentales"},"content":{"rendered":"\t\t<div data-elementor-type=\"wp-page\" data-elementor-id=\"1217\" class=\"elementor elementor-1217\">\n\t\t\t\t\t\t<section class=\"elementor-section elementor-top-section elementor-element elementor-element-04fc099 elementor-section-boxed elementor-section-height-default elementor-section-height-default\" data-id=\"04fc099\" data-element_type=\"section\" data-e-type=\"section\">\n\t\t\t\t\t\t<div class=\"elementor-container elementor-column-gap-default\">\n\t\t\t\t\t<div class=\"elementor-column elementor-col-100 elementor-top-column elementor-element elementor-element-e08835b\" data-id=\"e08835b\" data-element_type=\"column\" data-e-type=\"column\">\n\t\t\t<div class=\"elementor-widget-wrap elementor-element-populated\">\n\t\t\t\t\t\t<div class=\"elementor-element elementor-element-3aaf4e1 elementor-widget elementor-widget-image\" data-id=\"3aaf4e1\" data-element_type=\"widget\" data-e-type=\"widget\" data-widget_type=\"image.default\">\n\t\t\t\t<div class=\"elementor-widget-container\">\n\t\t\t\t\t\t\t\t\t\t\t\t\t\t\t<img fetchpriority=\"high\" decoding=\"async\" width=\"626\" height=\"384\" src=\"https:\/\/odontoavanzadayestetica.com\/wp-content\/uploads\/2020\/10\/dentistas-tratan-dientes-pacientes_1150-19648.jpg\" class=\"attachment-large size-large wp-image-1165\" alt=\"\" srcset=\"https:\/\/odontoavanzadayestetica.com\/wp-content\/uploads\/2020\/10\/dentistas-tratan-dientes-pacientes_1150-19648.jpg 626w, https:\/\/odontoavanzadayestetica.com\/wp-content\/uploads\/2020\/10\/dentistas-tratan-dientes-pacientes_1150-19648-300x184.jpg 300w\" sizes=\"(max-width: 626px) 100vw, 626px\" \/>\t\t\t\t\t\t\t\t\t\t\t\t\t\t\t<\/div>\n\t\t\t\t<\/div>\n\t\t\t\t<div class=\"elementor-element elementor-element-4ab16f5 elementor-widget elementor-widget-text-editor\" data-id=\"4ab16f5\" data-element_type=\"widget\" data-e-type=\"widget\" data-widget_type=\"text-editor.default\">\n\t\t\t\t<div class=\"elementor-widget-container\">\n\t\t\t\t\t\t\t\t\t<p>Los implantes dentales son la forma m\u00e1s actualizada y segura de reponer una o m\u00e1s piezas dentales perdidas. Es la forma de devolver la seguridad y confianza aquellos pacientes portadores de alguna pr\u00f3tesis removible y quieren cambiar a una pr\u00f3tesis fija, donde no tengas que sentir miedo e inseguridad al hablar o comer.<\/p>\n<h4>\u00bfBuscas una cl\u00ednica especializada en implantes dentales?<\/h4>\n<p>Aqu\u00ed encontraras los profesionales en el \u00e1rea de implantes capacitados y dispuestos a ofrecerte la mejor soluci\u00f3n a tus necesidades. La colocaci\u00f3n de los implantes dentarios es un acto quir\u00fargico que requiere de una evaluaci\u00f3n previa para su colocaci\u00f3n y la duda que siempre surge es \u00bfDuele colocar el implante? Ya hoy en d\u00eda contamos con las t\u00e9cnicas quir\u00fargicas menos agresivas y con la utilizaci\u00f3n de anestesia de \u00faltima generaci\u00f3n donde se puede realizar un procedimiento tranquilo y sin dolor.<\/p>\n<h4>\u00bfQu\u00e9 cuesta un implante?<\/h4>\n<p>Los costos de los implantes va depender de varios factores y variables que podr\u00e1n ser determinadas luego de una correcta evaluaci\u00f3n, sin dicha evaluaci\u00f3n no es posible decir costos est\u00e1ndares, porque cada paciente posee necesidades y tratamientos personalizados.<\/p>\n<p>Antes de elegir un tratamiento o profesional PIENSA \u00bfCu\u00e1nto estas dispuesto a pagar por volver a sonre\u00edr?<\/p>\t\t\t\t\t\t\t\t<\/div>\n\t\t\t\t<\/div>\n\t\t\t\t\t<\/div>\n\t\t<\/div>\n\t\t\t\t\t<\/div>\n\t\t<\/section>\n\t\t\t\t<\/div>\n\t\t","protected":false},"excerpt":{"rendered":"<p>Los implantes dentales son la forma m\u00e1s actualizada y segura de reponer una o m\u00e1s piezas dentales perdidas. Es la forma de devolver la seguridad y confianza aquellos pacientes portadores de alguna pr\u00f3tesis removible y quieren cambiar a una pr\u00f3tesis fija, donde no tengas que sentir miedo e inseguridad al hablar o comer. \u00bfBuscas una [&hellip;]<\/p>\n","protected":false},"author":1,"featured_media":0,"parent":0,"menu_order":0,"comment_status":"closed","ping_status":"closed","template":"","meta":{"site-sidebar-layout":"no-sidebar","site-content-layout":"page-builder","ast-site-content-layout":"default","site-content-style":"default","site-sidebar-style":"default","ast-global-header-display":"","ast-banner-title-visibility":"","ast-main-header-display":"","ast-hfb-above-header-display":"","ast-hfb-below-header-display":"","ast-hfb-mobile-header-display":"","site-post-title":"disabled","ast-breadcrumbs-content":"","ast-featured-img":"disabled","footer-sml-layout":"","ast-disable-related-posts":"","theme-transparent-header-meta":"default","adv-header-id-meta":"","stick-header-meta":"","header-above-stick-meta":"","header-main-stick-meta":"","header-below-stick-meta":"","astra-migrate-meta-layouts":"default","ast-page-background-enabled":"default","ast-page-background-meta":{"desktop":{"background-color":"var(--ast-global-color-4)","background-image":"","background-repeat":"repeat","background-position":"center center","background-size":"auto","background-attachment":"scroll","background-type":"","background-media":"","overlay-type":"","overlay-color":"","overlay-opacity":"","overlay-gradient":""},"tablet":{"background-color":"","background-image":"","background-repeat":"repeat","background-position":"center center","background-size":"auto","background-attachment":"scroll","background-type":"","background-media":"","overlay-type":"","overlay-color":"","overlay-opacity":"","overlay-gradient":""},"mobile":{"background-color":"","background-image":"","background-repeat":"repeat","background-position":"center center","background-size":"auto","background-attachment":"scroll","background-type":"","background-media":"","overlay-type":"","overlay-color":"","overlay-opacity":"","overlay-gradient":""}},"ast-content-background-meta":{"desktop":{"background-color":"var(--ast-global-color-5)","background-image":"","background-repeat":"repeat","background-position":"center center","background-size":"auto","background-attachment":"scroll","background-type":"","background-media":"","overlay-type":"","overlay-color":"","overlay-opacity":"","overlay-gradient":""},"tablet":{"background-color":"var(--ast-global-color-5)","background-image":"","background-repeat":"repeat","background-position":"center center","background-size":"auto","background-attachment":"scroll","background-type":"","background-media":"","overlay-type":"","overlay-color":"","overlay-opacity":"","overlay-gradient":""},"mobile":{"background-color":"var(--ast-global-color-5)","background-image":"","background-repeat":"repeat","background-position":"center center","background-size":"auto","background-attachment":"scroll","background-type":"","background-media":"","overlay-type":"","overlay-color":"","overlay-opacity":"","overlay-gradient":""}},"footnotes":""},"class_list":["post-1217","page","type-page","status-publish","hentry"],"_links":{"self":[{"href":"https:\/\/odontoavanzadayestetica.com\/index.php\/wp-json\/wp\/v2\/pages\/1217","targetHints":{"allow":["GET"]}}],"collection":[{"href":"https:\/\/odontoavanzadayestetica.com\/index.php\/wp-json\/wp\/v2\/pages"}],"about":[{"href":"https:\/\/odontoavanzadayestetica.com\/index.php\/wp-json\/wp\/v2\/types\/page"}],"author":[{"embeddable":true,"href":"https:\/\/odontoavanzadayestetica.com\/index.php\/wp-json\/wp\/v2\/users\/1"}],"replies":[{"embeddable":true,"href":"https:\/\/odontoavanzadayestetica.com\/index.php\/wp-json\/wp\/v2\/comments?post=1217"}],"version-history":[{"count":5,"href":"https:\/\/odontoavanzadayestetica.com\/index.php\/wp-json\/wp\/v2\/pages\/1217\/revisions"}],"predecessor-version":[{"id":1288,"href":"https:\/\/odontoavanzadayestetica.com\/index.php\/wp-json\/wp\/v2\/pages\/1217\/revisions\/1288"}],"wp:attachment":[{"href":"https:\/\/odontoavanzadayestetica.com\/index.php\/wp-json\/wp\/v2\/media?parent=1217"}],"curies":[{"name":"wp","href":"https:\/\/api.w.org\/{rel}","templated":true}]}}