{"id":1210,"date":"2020-10-26T20:40:01","date_gmt":"2020-10-26T20:40:01","guid":{"rendered":"http:\/\/odontoavanzadayestetica.com\/?page_id=1210"},"modified":"2020-10-26T20:42:45","modified_gmt":"2020-10-26T20:42:45","slug":"odontopediatria","status":"publish","type":"page","link":"https:\/\/odontoavanzadayestetica.com\/index.php\/odontopediatria\/","title":{"rendered":"Odontopediatr\u00eda"},"content":{"rendered":"\t\t<div data-elementor-type=\"wp-page\" data-elementor-id=\"1210\" class=\"elementor elementor-1210\">\n\t\t\t\t\t\t<section class=\"elementor-section elementor-top-section elementor-element elementor-element-327d711 elementor-section-boxed elementor-section-height-default elementor-section-height-default\" data-id=\"327d711\" data-element_type=\"section\" data-e-type=\"section\">\n\t\t\t\t\t\t<div class=\"elementor-container elementor-column-gap-default\">\n\t\t\t\t\t<div class=\"elementor-column elementor-col-100 elementor-top-column elementor-element elementor-element-4aad642\" data-id=\"4aad642\" data-element_type=\"column\" data-e-type=\"column\">\n\t\t\t<div class=\"elementor-widget-wrap elementor-element-populated\">\n\t\t\t\t\t\t<div class=\"elementor-element elementor-element-4d573a2 elementor-widget elementor-widget-image\" data-id=\"4d573a2\" data-element_type=\"widget\" data-e-type=\"widget\" data-widget_type=\"image.default\">\n\t\t\t\t<div class=\"elementor-widget-container\">\n\t\t\t\t\t\t\t\t\t\t\t\t\t\t\t<img fetchpriority=\"high\" decoding=\"async\" width=\"626\" height=\"417\" src=\"https:\/\/odontoavanzadayestetica.com\/wp-content\/uploads\/2020\/10\/nina-asustada-dentista_23-2148380329.jpg\" class=\"attachment-1536x1536 size-1536x1536 wp-image-1212\" alt=\"\" srcset=\"https:\/\/odontoavanzadayestetica.com\/wp-content\/uploads\/2020\/10\/nina-asustada-dentista_23-2148380329.jpg 626w, https:\/\/odontoavanzadayestetica.com\/wp-content\/uploads\/2020\/10\/nina-asustada-dentista_23-2148380329-300x200.jpg 300w\" sizes=\"(max-width: 626px) 100vw, 626px\" \/>\t\t\t\t\t\t\t\t\t\t\t\t\t\t\t<\/div>\n\t\t\t\t<\/div>\n\t\t\t\t<div class=\"elementor-element elementor-element-166e16d elementor-widget elementor-widget-text-editor\" data-id=\"166e16d\" data-element_type=\"widget\" data-e-type=\"widget\" data-widget_type=\"text-editor.default\">\n\t\t\t\t<div class=\"elementor-widget-container\">\n\t\t\t\t\t\t\t\t\t<h4>Odontopediatr\u00eda<\/h4><h6><em>Cuidamos los dientitos de sus ni\u00f1os con mucho cari\u00f1o<\/em><\/h6><p>La importancia de cuidar de los dientes de los ni\u00f1os inicia desde la gestaci\u00f3n, SI! Se inicia con la orientaci\u00f3n de la madre de c\u00f3mo debe cuidar y limpiar la boca del bebe. Los beneficios que se obtienen con el ni\u00f1o asistiendo a sus consultas y poder realizar una verdadera prevenci\u00f3n!<\/p><p>La ventaja de los odont\u00f3logos pediatras es que poseen las t\u00e9cnicas psicol\u00f3gicas de hacer agradable la consulta del ni\u00f1o, creando un ambiente seguro tanto para los padres como los ni\u00f1os.<\/p><p>Nuestra cl\u00ednica cuenta con profesionales odontopediatras capacitados y preparados para manejar la conducta de nuestros pacientes y ense\u00f1\u00e1ndoles que ir al odont\u00f3logo es Bueno para cuidar de sus dientes y poder tener una mejor salud de forma general.<\/p>\t\t\t\t\t\t\t\t<\/div>\n\t\t\t\t<\/div>\n\t\t\t\t\t<\/div>\n\t\t<\/div>\n\t\t\t\t\t<\/div>\n\t\t<\/section>\n\t\t\t\t<\/div>\n\t\t","protected":false},"excerpt":{"rendered":"<p>Odontopediatr\u00eda Cuidamos los dientitos de sus ni\u00f1os con mucho cari\u00f1o La importancia de cuidar de los dientes de los ni\u00f1os inicia desde la gestaci\u00f3n, SI! Se inicia con la orientaci\u00f3n de la madre de c\u00f3mo debe cuidar y limpiar la boca del bebe. Los beneficios que se obtienen con el ni\u00f1o asistiendo a sus consultas [&hellip;]<\/p>\n","protected":false},"author":1,"featured_media":0,"parent":0,"menu_order":0,"comment_status":"closed","ping_status":"closed","template":"","meta":{"site-sidebar-layout":"no-sidebar","site-content-layout":"page-builder","ast-site-content-layout":"default","site-content-style":"default","site-sidebar-style":"default","ast-global-header-display":"","ast-banner-title-visibility":"","ast-main-header-display":"","ast-hfb-above-header-display":"","ast-hfb-below-header-display":"","ast-hfb-mobile-header-display":"","site-post-title":"disabled","ast-breadcrumbs-content":"","ast-featured-img":"disabled","footer-sml-layout":"","ast-disable-related-posts":"","theme-transparent-header-meta":"default","adv-header-id-meta":"","stick-header-meta":"","header-above-stick-meta":"","header-main-stick-meta":"","header-below-stick-meta":"","astra-migrate-meta-layouts":"default","ast-page-background-enabled":"default","ast-page-background-meta":{"desktop":{"background-color":"var(--ast-global-color-4)","background-image":"","background-repeat":"repeat","background-position":"center center","background-size":"auto","background-attachment":"scroll","background-type":"","background-media":"","overlay-type":"","overlay-color":"","overlay-opacity":"","overlay-gradient":""},"tablet":{"background-color":"","background-image":"","background-repeat":"repeat","background-position":"center center","background-size":"auto","background-attachment":"scroll","background-type":"","background-media":"","overlay-type":"","overlay-color":"","overlay-opacity":"","overlay-gradient":""},"mobile":{"background-color":"","background-image":"","background-repeat":"repeat","background-position":"center center","background-size":"auto","background-attachment":"scroll","background-type":"","background-media":"","overlay-type":"","overlay-color":"","overlay-opacity":"","overlay-gradient":""}},"ast-content-background-meta":{"desktop":{"background-color":"var(--ast-global-color-5)","background-image":"","background-repeat":"repeat","background-position":"center center","background-size":"auto","background-attachment":"scroll","background-type":"","background-media":"","overlay-type":"","overlay-color":"","overlay-opacity":"","overlay-gradient":""},"tablet":{"background-color":"var(--ast-global-color-5)","background-image":"","background-repeat":"repeat","background-position":"center center","background-size":"auto","background-attachment":"scroll","background-type":"","background-media":"","overlay-type":"","overlay-color":"","overlay-opacity":"","overlay-gradient":""},"mobile":{"background-color":"var(--ast-global-color-5)","background-image":"","background-repeat":"repeat","background-position":"center center","background-size":"auto","background-attachment":"scroll","background-type":"","background-media":"","overlay-type":"","overlay-color":"","overlay-opacity":"","overlay-gradient":""}},"footnotes":""},"class_list":["post-1210","page","type-page","status-publish","hentry"],"_links":{"self":[{"href":"https:\/\/odontoavanzadayestetica.com\/index.php\/wp-json\/wp\/v2\/pages\/1210","targetHints":{"allow":["GET"]}}],"collection":[{"href":"https:\/\/odontoavanzadayestetica.com\/index.php\/wp-json\/wp\/v2\/pages"}],"about":[{"href":"https:\/\/odontoavanzadayestetica.com\/index.php\/wp-json\/wp\/v2\/types\/page"}],"author":[{"embeddable":true,"href":"https:\/\/odontoavanzadayestetica.com\/index.php\/wp-json\/wp\/v2\/users\/1"}],"replies":[{"embeddable":true,"href":"https:\/\/odontoavanzadayestetica.com\/index.php\/wp-json\/wp\/v2\/comments?post=1210"}],"version-history":[{"count":5,"href":"https:\/\/odontoavanzadayestetica.com\/index.php\/wp-json\/wp\/v2\/pages\/1210\/revisions"}],"predecessor-version":[{"id":1216,"href":"https:\/\/odontoavanzadayestetica.com\/index.php\/wp-json\/wp\/v2\/pages\/1210\/revisions\/1216"}],"wp:attachment":[{"href":"https:\/\/odontoavanzadayestetica.com\/index.php\/wp-json\/wp\/v2\/media?parent=1210"}],"curies":[{"name":"wp","href":"https:\/\/api.w.org\/{rel}","templated":true}]}}