{"id":1199,"date":"2020-10-26T20:21:37","date_gmt":"2020-10-26T20:21:37","guid":{"rendered":"http:\/\/odontoavanzadayestetica.com\/?page_id=1199"},"modified":"2020-10-26T20:24:44","modified_gmt":"2020-10-26T20:24:44","slug":"tratamientos-de-las-encias-periodoncia","status":"publish","type":"page","link":"https:\/\/odontoavanzadayestetica.com\/index.php\/tratamientos-de-las-encias-periodoncia\/","title":{"rendered":"Tratamientos de las Enc\u00edas (Periodoncia)"},"content":{"rendered":"\t\t<div data-elementor-type=\"wp-page\" data-elementor-id=\"1199\" class=\"elementor elementor-1199\">\n\t\t\t\t\t\t<section class=\"elementor-section elementor-top-section elementor-element elementor-element-bf51732 elementor-section-boxed elementor-section-height-default elementor-section-height-default\" data-id=\"bf51732\" data-element_type=\"section\" data-e-type=\"section\">\n\t\t\t\t\t\t<div class=\"elementor-container elementor-column-gap-default\">\n\t\t\t\t\t<div class=\"elementor-column elementor-col-100 elementor-top-column elementor-element elementor-element-5cb0e42\" data-id=\"5cb0e42\" data-element_type=\"column\" data-e-type=\"column\">\n\t\t\t<div class=\"elementor-widget-wrap elementor-element-populated\">\n\t\t\t\t\t\t<div class=\"elementor-element elementor-element-8272bb4 elementor-widget elementor-widget-image\" data-id=\"8272bb4\" data-element_type=\"widget\" data-e-type=\"widget\" data-widget_type=\"image.default\">\n\t\t\t\t<div class=\"elementor-widget-container\">\n\t\t\t\t\t\t\t\t\t\t\t\t\t\t\t<img fetchpriority=\"high\" decoding=\"async\" width=\"1024\" height=\"684\" src=\"https:\/\/odontoavanzadayestetica.com\/wp-content\/uploads\/2020\/10\/periodoncia-1024x684.jpg\" class=\"attachment-large size-large wp-image-1184\" alt=\"\" srcset=\"https:\/\/odontoavanzadayestetica.com\/wp-content\/uploads\/2020\/10\/periodoncia-1024x684.jpg 1024w, https:\/\/odontoavanzadayestetica.com\/wp-content\/uploads\/2020\/10\/periodoncia-300x200.jpg 300w, https:\/\/odontoavanzadayestetica.com\/wp-content\/uploads\/2020\/10\/periodoncia-768x513.jpg 768w, https:\/\/odontoavanzadayestetica.com\/wp-content\/uploads\/2020\/10\/periodoncia-1536x1025.jpg 1536w, https:\/\/odontoavanzadayestetica.com\/wp-content\/uploads\/2020\/10\/periodoncia.jpg 1600w\" sizes=\"(max-width: 1024px) 100vw, 1024px\" \/>\t\t\t\t\t\t\t\t\t\t\t\t\t\t\t<\/div>\n\t\t\t\t<\/div>\n\t\t\t\t<div class=\"elementor-element elementor-element-7f26973 elementor-widget elementor-widget-text-editor\" data-id=\"7f26973\" data-element_type=\"widget\" data-e-type=\"widget\" data-widget_type=\"text-editor.default\">\n\t\t\t\t<div class=\"elementor-widget-container\">\n\t\t\t\t\t\t\t\t\t<h4>\u00bfQu\u00e9 son las enfermedades de las enc\u00edas?<\/h4><p>Estas se desarrollan por el acumulo de placa bacteriana iniciando con la inflamaci\u00f3n de las enc\u00edas pudiendo progresar hasta llegar afectar el hueso que soporta y rodea los dientes. Esta enfermedad llega a tener etapas que van desde menor da\u00f1o siendo esta la gingivitis avanzando a etapas de mayor da\u00f1os como son la periodontitis y periodontitis avanzada.<\/p><h4>\u00bfDuelen las enc\u00edas?<\/h4><p>La mayor parte de las veces puede ser una enfermedad que no cause dolor y por ese motivo es importante estar ALERTA a los signos y s\u00edntomas que se pueden ir presentando que nos indiquen que podemos estar cursando con dicha enfermedad, como son:<\/p><p>\u00b7 Sangrado de las enc\u00edas al cepillado<\/p><p>\u00b7 Enc\u00edas hinchadas, con sensaci\u00f3n de ardor y de color rojizas<\/p><p>\u00b7 Mal aliento que se mantiene a\u00fan luego del cepillado o mal sabor en la boca.<\/p><p>\u00b7 Pus visible alrededor de los dientes<\/p><p>\u00b7 Dientes flojos<\/p><h4>\u00bfC\u00f3mo se trata y previene esta enfermedad?<\/h4><p>La buena noticia es que las enfermedades de las enc\u00edas en sus inicios pueden ser reversibles al ser tratadas por el profesional de la salud y una buena higiene oral ayuda a evitar el acumulo de la placa bacteriana, realizando su profilaxis dental y chequeo cada 6 meses.<\/p><p>En la etapa inicial un destartraje oral donde se retira la placa bacteriana que se calcifico y se convirti\u00f3 en c\u00e1lculos dentales es realizado por el profesional en el consultorio dental al momento de realizar su profilaxis, cuando la enfermedad est\u00e1 en una etapa m\u00e1s avanzada ya se realizan otros tratamientos c\u00f3mo puede el alisado y raspajes radiculares, antes de realizar cualquier procedimiento o tratamiento dental es bueno procurar una cl\u00ednica con el servicio de Especialista de las Enc\u00edas (Periodoncia).<\/p>\t\t\t\t\t\t\t\t<\/div>\n\t\t\t\t<\/div>\n\t\t\t\t\t<\/div>\n\t\t<\/div>\n\t\t\t\t\t<\/div>\n\t\t<\/section>\n\t\t\t\t<\/div>\n\t\t","protected":false},"excerpt":{"rendered":"<p>\u00bfQu\u00e9 son las enfermedades de las enc\u00edas? Estas se desarrollan por el acumulo de placa bacteriana iniciando con la inflamaci\u00f3n de las enc\u00edas pudiendo progresar hasta llegar afectar el hueso que soporta y rodea los dientes. Esta enfermedad llega a tener etapas que van desde menor da\u00f1o siendo esta la gingivitis avanzando a etapas de [&hellip;]<\/p>\n","protected":false},"author":1,"featured_media":0,"parent":0,"menu_order":0,"comment_status":"closed","ping_status":"closed","template":"","meta":{"site-sidebar-layout":"no-sidebar","site-content-layout":"page-builder","ast-site-content-layout":"default","site-content-style":"default","site-sidebar-style":"default","ast-global-header-display":"","ast-banner-title-visibility":"","ast-main-header-display":"","ast-hfb-above-header-display":"","ast-hfb-below-header-display":"","ast-hfb-mobile-header-display":"","site-post-title":"disabled","ast-breadcrumbs-content":"","ast-featured-img":"disabled","footer-sml-layout":"","ast-disable-related-posts":"","theme-transparent-header-meta":"default","adv-header-id-meta":"","stick-header-meta":"","header-above-stick-meta":"","header-main-stick-meta":"","header-below-stick-meta":"","astra-migrate-meta-layouts":"default","ast-page-background-enabled":"default","ast-page-background-meta":{"desktop":{"background-color":"var(--ast-global-color-4)","background-image":"","background-repeat":"repeat","background-position":"center center","background-size":"auto","background-attachment":"scroll","background-type":"","background-media":"","overlay-type":"","overlay-color":"","overlay-opacity":"","overlay-gradient":""},"tablet":{"background-color":"","background-image":"","background-repeat":"repeat","background-position":"center center","background-size":"auto","background-attachment":"scroll","background-type":"","background-media":"","overlay-type":"","overlay-color":"","overlay-opacity":"","overlay-gradient":""},"mobile":{"background-color":"","background-image":"","background-repeat":"repeat","background-position":"center center","background-size":"auto","background-attachment":"scroll","background-type":"","background-media":"","overlay-type":"","overlay-color":"","overlay-opacity":"","overlay-gradient":""}},"ast-content-background-meta":{"desktop":{"background-color":"var(--ast-global-color-5)","background-image":"","background-repeat":"repeat","background-position":"center center","background-size":"auto","background-attachment":"scroll","background-type":"","background-media":"","overlay-type":"","overlay-color":"","overlay-opacity":"","overlay-gradient":""},"tablet":{"background-color":"var(--ast-global-color-5)","background-image":"","background-repeat":"repeat","background-position":"center center","background-size":"auto","background-attachment":"scroll","background-type":"","background-media":"","overlay-type":"","overlay-color":"","overlay-opacity":"","overlay-gradient":""},"mobile":{"background-color":"var(--ast-global-color-5)","background-image":"","background-repeat":"repeat","background-position":"center center","background-size":"auto","background-attachment":"scroll","background-type":"","background-media":"","overlay-type":"","overlay-color":"","overlay-opacity":"","overlay-gradient":""}},"footnotes":""},"class_list":["post-1199","page","type-page","status-publish","hentry"],"_links":{"self":[{"href":"https:\/\/odontoavanzadayestetica.com\/index.php\/wp-json\/wp\/v2\/pages\/1199","targetHints":{"allow":["GET"]}}],"collection":[{"href":"https:\/\/odontoavanzadayestetica.com\/index.php\/wp-json\/wp\/v2\/pages"}],"about":[{"href":"https:\/\/odontoavanzadayestetica.com\/index.php\/wp-json\/wp\/v2\/types\/page"}],"author":[{"embeddable":true,"href":"https:\/\/odontoavanzadayestetica.com\/index.php\/wp-json\/wp\/v2\/users\/1"}],"replies":[{"embeddable":true,"href":"https:\/\/odontoavanzadayestetica.com\/index.php\/wp-json\/wp\/v2\/comments?post=1199"}],"version-history":[{"count":2,"href":"https:\/\/odontoavanzadayestetica.com\/index.php\/wp-json\/wp\/v2\/pages\/1199\/revisions"}],"predecessor-version":[{"id":1201,"href":"https:\/\/odontoavanzadayestetica.com\/index.php\/wp-json\/wp\/v2\/pages\/1199\/revisions\/1201"}],"wp:attachment":[{"href":"https:\/\/odontoavanzadayestetica.com\/index.php\/wp-json\/wp\/v2\/media?parent=1199"}],"curies":[{"name":"wp","href":"https:\/\/api.w.org\/{rel}","templated":true}]}}