{"id":1124,"date":"2020-09-10T17:28:43","date_gmt":"2020-09-10T17:28:43","guid":{"rendered":"http:\/\/odontoavanzadayestetica.com\/?page_id=1124"},"modified":"2020-10-26T21:02:52","modified_gmt":"2020-10-26T21:02:52","slug":"nosotros","status":"publish","type":"page","link":"https:\/\/odontoavanzadayestetica.com\/index.php\/nosotros\/","title":{"rendered":"Nosotros"},"content":{"rendered":"\t\t<div data-elementor-type=\"wp-page\" data-elementor-id=\"1124\" class=\"elementor elementor-1124\">\n\t\t\t\t\t\t<section class=\"elementor-section elementor-top-section elementor-element elementor-element-7f56d2f9 elementor-section-boxed elementor-section-height-default elementor-section-height-default\" data-id=\"7f56d2f9\" data-element_type=\"section\" data-e-type=\"section\">\n\t\t\t\t\t\t<div class=\"elementor-container elementor-column-gap-default\">\n\t\t\t\t\t<div class=\"elementor-column elementor-col-100 elementor-top-column elementor-element elementor-element-3421866b\" data-id=\"3421866b\" data-element_type=\"column\" data-e-type=\"column\">\n\t\t\t<div class=\"elementor-widget-wrap elementor-element-populated\">\n\t\t\t\t\t\t<div class=\"elementor-element elementor-element-2470673c elementor-widget elementor-widget-text-editor\" data-id=\"2470673c\" data-element_type=\"widget\" data-e-type=\"widget\" data-widget_type=\"text-editor.default\">\n\t\t\t\t<div class=\"elementor-widget-container\">\n\t\t\t\t\t\t\t\t\t<p><\/p>\n<h2>Odontolog\u00eda Avanzada y Estetica Dra. Aimee Christopher\u00a0<\/h2>\n<p>Somos una cl\u00ednica Odontol\u00f3gica donde nuestro principal objetivo es Brindar un servicio odontol\u00f3gico integral y especializado de calidad con profesionales de alto nivel, comprometidos con el cuidado de la salud bucal de nuestros pacientes, para lograr su fidelizaci\u00f3n y satisfacci\u00f3n.<\/p>\n<p><\/p>\n<p>Esta cl\u00ednica fue desarrollada por la Dra. Aimee Christopher, Profesional odont\u00f3loga formada en rehabilitaci\u00f3n prot\u00e9sica con m\u00e1s de 12 a\u00f1os de experiencia. En nuestra cl\u00ednica contamos con instalaciones confortables y modernas, donde ofrecemos a nuestros pacientes una odontolog\u00eda integrada con todas las especialidades para poder recibir en un mismo lugar todos los tratamientos que necesite y as\u00ed poder brindar comodidad, tratamientos actualizados y accesibles. Quien conoce de salud y belleza inicia cuidando de su sonrisa.<\/p>\n<p><\/p>\n<p>La Dra. Aimee Christopher es la fundadora de la Cl\u00ednica Odontolog\u00eda avanzada y est\u00e9tica Dra. Aimee Christopher, con m\u00e1s de 15 a\u00f1os de formada como odont\u00f3loga con la visi\u00f3n de Posicionarnos como una cl\u00ednica dental l\u00edder, reconocida por su calidad de servicios y atenci\u00f3n interdisciplinaria (profesionales especialistas en cada \u00e1rea).<\/p>\n<p><\/p>\n<p>Contamos con \u00e1rea de espera confortable, climatizada, \u00e1rea de esterilizaci\u00f3n donde cuidamos de la bioseguridad en cada uno de nuestros tratamientos, al igual que c\u00f3moda sala de trabajo con Rayo X. Pensamos que cada paciente es \u00fanico y con necesidades diferentes y por eso nos diferenciamos en ver y trabajar cada paciente de forma personalizada.<\/p>\n<h4>Misi\u00f3n<\/h4>\n<p>Brindar servicio odontol\u00f3gico integral y especializado de calidad con profesionales de alto nivel comprometidos con el cuidado de la salud bucal de nuestros pacientes, para lograr su fidelizaci\u00f3n y satisfacci\u00f3n.<\/p>\n<h4>Visi\u00f3n<\/h4>\n<p>Posicionarnos como una cl\u00ednica dental l\u00edder, reconocida por su calidad de servicios y atenci\u00f3n interdisciplinaria<\/p>\n<h4>Valores<\/h4>\n<ul>\n<li>Compromiso.<\/li>\n<li>Trabajo en equipo.<\/li>\n<li>Calidad humana.<\/li>\n<li>Respeto.<\/li>\n<li>Responsabilidad.<\/li>\n<\/ul>\n<p><\/p>\t\t\t\t\t\t\t\t<\/div>\n\t\t\t\t<\/div>\n\t\t\t\t\t<\/div>\n\t\t<\/div>\n\t\t\t\t\t<\/div>\n\t\t<\/section>\n\t\t\t\t<\/div>\n\t\t","protected":false},"excerpt":{"rendered":"<p>Odontolog\u00eda Avanzada y Estetica Dra. Aimee Christopher\u00a0 Somos una cl\u00ednica Odontol\u00f3gica donde nuestro principal objetivo es Brindar un servicio odontol\u00f3gico integral y especializado de calidad con profesionales de alto nivel, comprometidos con el cuidado de la salud bucal de nuestros pacientes, para lograr su fidelizaci\u00f3n y satisfacci\u00f3n. Esta cl\u00ednica fue desarrollada por la Dra. Aimee [&hellip;]<\/p>\n","protected":false},"author":1,"featured_media":0,"parent":0,"menu_order":0,"comment_status":"closed","ping_status":"closed","template":"","meta":{"site-sidebar-layout":"default","site-content-layout":"default","ast-site-content-layout":"default","site-content-style":"default","site-sidebar-style":"default","ast-global-header-display":"","ast-banner-title-visibility":"","ast-main-header-display":"","ast-hfb-above-header-display":"","ast-hfb-below-header-display":"","ast-hfb-mobile-header-display":"","site-post-title":"","ast-breadcrumbs-content":"","ast-featured-img":"","footer-sml-layout":"","ast-disable-related-posts":"","theme-transparent-header-meta":"default","adv-header-id-meta":"","stick-header-meta":"","header-above-stick-meta":"","header-main-stick-meta":"","header-below-stick-meta":"","astra-migrate-meta-layouts":"default","ast-page-background-enabled":"default","ast-page-background-meta":{"desktop":{"background-color":"var(--ast-global-color-4)","background-image":"","background-repeat":"repeat","background-position":"center center","background-size":"auto","background-attachment":"scroll","background-type":"","background-media":"","overlay-type":"","overlay-color":"","overlay-opacity":"","overlay-gradient":""},"tablet":{"background-color":"","background-image":"","background-repeat":"repeat","background-position":"center center","background-size":"auto","background-attachment":"scroll","background-type":"","background-media":"","overlay-type":"","overlay-color":"","overlay-opacity":"","overlay-gradient":""},"mobile":{"background-color":"","background-image":"","background-repeat":"repeat","background-position":"center center","background-size":"auto","background-attachment":"scroll","background-type":"","background-media":"","overlay-type":"","overlay-color":"","overlay-opacity":"","overlay-gradient":""}},"ast-content-background-meta":{"desktop":{"background-color":"var(--ast-global-color-5)","background-image":"","background-repeat":"repeat","background-position":"center center","background-size":"auto","background-attachment":"scroll","background-type":"","background-media":"","overlay-type":"","overlay-color":"","overlay-opacity":"","overlay-gradient":""},"tablet":{"background-color":"var(--ast-global-color-5)","background-image":"","background-repeat":"repeat","background-position":"center center","background-size":"auto","background-attachment":"scroll","background-type":"","background-media":"","overlay-type":"","overlay-color":"","overlay-opacity":"","overlay-gradient":""},"mobile":{"background-color":"var(--ast-global-color-5)","background-image":"","background-repeat":"repeat","background-position":"center center","background-size":"auto","background-attachment":"scroll","background-type":"","background-media":"","overlay-type":"","overlay-color":"","overlay-opacity":"","overlay-gradient":""}},"footnotes":""},"class_list":["post-1124","page","type-page","status-publish","hentry"],"_links":{"self":[{"href":"https:\/\/odontoavanzadayestetica.com\/index.php\/wp-json\/wp\/v2\/pages\/1124","targetHints":{"allow":["GET"]}}],"collection":[{"href":"https:\/\/odontoavanzadayestetica.com\/index.php\/wp-json\/wp\/v2\/pages"}],"about":[{"href":"https:\/\/odontoavanzadayestetica.com\/index.php\/wp-json\/wp\/v2\/types\/page"}],"author":[{"embeddable":true,"href":"https:\/\/odontoavanzadayestetica.com\/index.php\/wp-json\/wp\/v2\/users\/1"}],"replies":[{"embeddable":true,"href":"https:\/\/odontoavanzadayestetica.com\/index.php\/wp-json\/wp\/v2\/comments?post=1124"}],"version-history":[{"count":2,"href":"https:\/\/odontoavanzadayestetica.com\/index.php\/wp-json\/wp\/v2\/pages\/1124\/revisions"}],"predecessor-version":[{"id":1234,"href":"https:\/\/odontoavanzadayestetica.com\/index.php\/wp-json\/wp\/v2\/pages\/1124\/revisions\/1234"}],"wp:attachment":[{"href":"https:\/\/odontoavanzadayestetica.com\/index.php\/wp-json\/wp\/v2\/media?parent=1124"}],"curies":[{"name":"wp","href":"https:\/\/api.w.org\/{rel}","templated":true}]}}